{"id":44,"date":"2026-02-12T11:36:46","date_gmt":"2026-02-12T11:36:46","guid":{"rendered":"https:\/\/project-shield.net\/impressum\/"},"modified":"2026-02-12T13:37:04","modified_gmt":"2026-02-12T13:37:04","slug":"impressum","status":"publish","type":"page","link":"https:\/\/project-shield.net\/de_de\/start\/impressum\/","title":{"rendered":"Impressum"},"content":{"rendered":"<div class=\"wp-block-group alignfull is-style-ext-preset--group--natural-1--section has-background-background-color has-background has-global-padding is-layout-constrained wp-container-core-group-is-layout-6150fac0 wp-block-group-is-layout-constrained\" style=\"margin-top:0;margin-bottom:0;padding-top:var(--wp--preset--spacing--70);padding-bottom:var(--wp--preset--spacing--70)\">\n<p><strong>Wichtiger Hinweis: Diese Impressum-Vorlage wurde mit gr\u00f6\u00dfter Sorgfalt erstellt. Dennoch \u00fcbernehmen wir keine Gew\u00e4hr f\u00fcr die Vollst\u00e4ndigkeit und Richtigkeit der Inhalte sowie f\u00fcr deren Rechtssicherheit. Es liegt in der Verantwortung des Nutzers, die Vorlage eigenst\u00e4ndig an die jeweils geltenden gesetzlichen Bestimmungen anzupassen und auf ihre Aktualit\u00e4t zu pr\u00fcfen. Eine Haftung f\u00fcr Sch\u00e4den, die direkt oder indirekt aus der Nutzung dieser Vorlage entstehen, wird ausgeschlossen.<\/strong> <br><br> <strong>Website-Betreiber:<\/strong><br> Johanniter-Akademie Mitteldeutschland<br> Riebeckstr. 33<br> 04275 Leipzig<br>Deutschland<br><br> <strong>Kontaktinformationen:<\/strong><br> Telefon: 0341 22476041<br> E-Mail: jana.goldberg(at)johanniter.de<br> Website: <a href=\"https:\/\/www.johanniter.de\/bildungseinrichtungen\/johanniter-akademie\/johanniter-akademie-mitteldeutschland\/\" target=\"_blank\" rel=\"noopener\" title=\"https:\/\/www.johanniter.de\/bildungseinrichtungen\/johanniter-akademie\/johanniter-akademie-mitteldeutschland\/\">https:\/\/www.johanniter.de\/bildungseinrichtungen\/johanniter-akademie\/johanniter-akademie-mitteldeutschland\/<\/a><br><br> <strong>Vertretungsberechtigte Person:<\/strong><br> Lars Menzel<br> (Gesch\u00e4ftsf\u00fchrer\/in)<br><br> <strong>Unternehmensregistrierung:<\/strong><br> Registergericht: Amtsgericht Charlottenburg <br> Verein<a href=\"Vereinsregister-Nr.: 17661 B,Amtsgericht Charlottenburg\">Registernummer: 17661 B<\/a><br> Umsatzsteuer-ID gem\u00e4\u00df \u00a7 27a UStG: DE122124138<br><br> <strong>Letzte Aktualisierung:<\/strong><br> 12.02.2026<\/p>\n<\/div>","protected":false},"excerpt":{"rendered":"<p>Wichtiger Hinweis: Diese Impressum-Vorlage wurde mit gr\u00f6\u00dfter Sorgfalt erstellt. Dennoch \u00fcbernehmen wir keine Gew\u00e4hr f\u00fcr die Vollst\u00e4ndigkeit und Richtigkeit der Inhalte sowie f\u00fcr deren Rechtssicherheit. Es liegt in der Verantwortung des Nutzers, die Vorlage eigenst\u00e4ndig an die jeweils geltenden gesetzlichen Bestimmungen anzupassen und auf ihre Aktualit\u00e4t zu pr\u00fcfen. Eine Haftung f\u00fcr Sch\u00e4den, die direkt oder [&hellip;]<\/p>\n","protected":false},"author":1,"featured_media":0,"parent":24,"menu_order":3,"comment_status":"closed","ping_status":"closed","template":"page-with-title","meta":{"footnotes":""},"class_list":["post-44","page","type-page","status-publish","hentry"],"aioseo_notices":[],"_links":{"self":[{"href":"https:\/\/project-shield.net\/de_de\/wp-json\/wp\/v2\/pages\/44","targetHints":{"allow":["GET"]}}],"collection":[{"href":"https:\/\/project-shield.net\/de_de\/wp-json\/wp\/v2\/pages"}],"about":[{"href":"https:\/\/project-shield.net\/de_de\/wp-json\/wp\/v2\/types\/page"}],"author":[{"embeddable":true,"href":"https:\/\/project-shield.net\/de_de\/wp-json\/wp\/v2\/users\/1"}],"replies":[{"embeddable":true,"href":"https:\/\/project-shield.net\/de_de\/wp-json\/wp\/v2\/comments?post=44"}],"version-history":[{"count":1,"href":"https:\/\/project-shield.net\/de_de\/wp-json\/wp\/v2\/pages\/44\/revisions"}],"predecessor-version":[{"id":83,"href":"https:\/\/project-shield.net\/de_de\/wp-json\/wp\/v2\/pages\/44\/revisions\/83"}],"up":[{"embeddable":true,"href":"https:\/\/project-shield.net\/de_de\/wp-json\/wp\/v2\/pages\/24"}],"wp:attachment":[{"href":"https:\/\/project-shield.net\/de_de\/wp-json\/wp\/v2\/media?parent=44"}],"curies":[{"name":"wp","href":"https:\/\/api.w.org\/{rel}","templated":true}]}}