{"id":24,"date":"2026-02-12T11:36:12","date_gmt":"2026-02-12T11:36:12","guid":{"rendered":"https:\/\/project-shield.net\/start\/"},"modified":"2026-02-12T13:56:02","modified_gmt":"2026-02-12T13:56:02","slug":"start","status":"publish","type":"page","link":"https:\/\/project-shield.net\/de_de\/","title":{"rendered":"Start"},"content":{"rendered":"<div class=\"wp-block-group alignfull is-style-ext-preset--group--natural-1--section has-background-background-color has-background has-global-padding is-layout-constrained wp-block-group-is-layout-constrained\" style=\"margin-top:0;margin-bottom:0;padding-top:var(--wp--preset--spacing--50);padding-bottom:var(--wp--preset--spacing--70)\">\n<div class=\"wp-block-columns alignwide is-layout-flex wp-container-core-columns-is-layout-08c01c1c wp-block-columns-is-layout-flex\">\n<div class=\"wp-block-column is-vertically-aligned-stretch is-layout-flow wp-block-column-is-layout-flow\">\n<h1 class=\"wp-block-heading has-xx-large-font-size\">SHIELD - Sicherheit und Gesundheit: Inklusion in Notfalltraining und Erste Hilfe f\u00fcr Menschen mit Behinderungen<\/h1>\n\n\n\n<div class=\"wp-block-group alignwide is-vertical is-layout-flex wp-container-core-group-is-layout-fa0d61a1 wp-block-group-is-layout-flex\" style=\"padding-top:var(--wp--preset--spacing--50);padding-right:var(--wp--preset--spacing--50);padding-bottom:var(--wp--preset--spacing--50);padding-left:var(--wp--preset--spacing--50)\">\n<div class=\"wp-block-group has-global-padding is-layout-constrained wp-container-core-group-is-layout-812d5580 wp-block-group-is-layout-constrained\" style=\"padding-top:0;padding-right:0;padding-bottom:0;padding-left:0\">\n<p style=\"font-size:clamp(14px, 0.875rem + ((1vw - 3.2px) * 0.417), 18px);\"><\/p>\n\n\n\n<div class=\"wp-block-buttons is-layout-flex wp-block-buttons-is-layout-flex\"><\/div>\n<\/div>\n<\/div>\n<\/div>\n\n\n\n<div class=\"wp-block-column is-vertically-aligned-stretch is-layout-flow wp-block-column-is-layout-flow\">\n<figure class=\"wp-block-gallery has-nested-images columns-default is-cropped wp-block-gallery-2 is-layout-flex wp-block-gallery-is-layout-flex\">\n<figure class=\"wp-block-image size-full\"><img loading=\"lazy\" decoding=\"async\" width=\"2560\" height=\"1920\" data-id=\"71\" src=\"https:\/\/project-shield.net\/wp-content\/uploads\/2026\/02\/20260128_115922-scaled.jpg\" alt=\"\" class=\"wp-image-71\" srcset=\"https:\/\/project-shield.net\/wp-content\/uploads\/2026\/02\/20260128_115922-scaled.jpg 2560w, https:\/\/project-shield.net\/wp-content\/uploads\/2026\/02\/20260128_115922-300x225.jpg 300w, https:\/\/project-shield.net\/wp-content\/uploads\/2026\/02\/20260128_115922-1024x768.jpg 1024w, https:\/\/project-shield.net\/wp-content\/uploads\/2026\/02\/20260128_115922-768x576.jpg 768w, https:\/\/project-shield.net\/wp-content\/uploads\/2026\/02\/20260128_115922-1536x1152.jpg 1536w, https:\/\/project-shield.net\/wp-content\/uploads\/2026\/02\/20260128_115922-2048x1536.jpg 2048w, https:\/\/project-shield.net\/wp-content\/uploads\/2026\/02\/20260128_115922-16x12.jpg 16w\" sizes=\"auto, (max-width: 2560px) 100vw, 2560px\" \/><\/figure>\n<\/figure>\n<\/div>\n<\/div>\n<\/div>\n\n\n\n<div class=\"wp-block-group alignfull is-style-ext-preset--group--natural-1--section has-tertiary-background-color has-background has-global-padding is-layout-constrained wp-container-core-group-is-layout-e955bbaf wp-block-group-is-layout-constrained\" style=\"margin-top:0;margin-bottom:0;padding-top:var(--wp--preset--spacing--70);padding-bottom:var(--wp--preset--spacing--70)\">\n<h2 class=\"wp-block-heading\">Nachrichten - Blog<\/h2>\n\n\n\n<h6 class=\"wp-block-heading\">Kick-off Meeting in Vilnius<\/h6>\n\n\n\n<div class=\"wp-block-group alignwide is-vertical is-layout-flex wp-container-core-group-is-layout-c35747d5 wp-block-group-is-layout-flex\">\n<div class=\"wp-block-media-text is-stacked-on-mobile\"><figure class=\"wp-block-media-text__media\"><img loading=\"lazy\" decoding=\"async\" width=\"1024\" height=\"768\" src=\"https:\/\/project-shield.net\/wp-content\/uploads\/2026\/02\/20260129_145727-1024x768.jpg\" alt=\"\" class=\"wp-image-70 size-full\" srcset=\"https:\/\/project-shield.net\/wp-content\/uploads\/2026\/02\/20260129_145727-1024x768.jpg 1024w, https:\/\/project-shield.net\/wp-content\/uploads\/2026\/02\/20260129_145727-300x225.jpg 300w, https:\/\/project-shield.net\/wp-content\/uploads\/2026\/02\/20260129_145727-768x576.jpg 768w, https:\/\/project-shield.net\/wp-content\/uploads\/2026\/02\/20260129_145727-1536x1152.jpg 1536w, https:\/\/project-shield.net\/wp-content\/uploads\/2026\/02\/20260129_145727-2048x1536.jpg 2048w, https:\/\/project-shield.net\/wp-content\/uploads\/2026\/02\/20260129_145727-16x12.jpg 16w\" sizes=\"auto, (max-width: 1024px) 100vw, 1024px\" \/><\/figure><div class=\"wp-block-media-text__content\">\n<p>Das Kick-off Meeting fand vom 27. bis 29.01.2026 in Vilnius, Litauen, statt. LNF - das Litauische Behindertenforum - war Gastgeber der Partnerschaft und teilte freundlicherweise seine Erfahrungen mit der Einbeziehung der Bed\u00fcrfnisse von Menschen mit Behinderungen in den Katastrophenschutz. Sie arrangierten auch Treffen mit Vertretern des litauischen Innenministeriums, der Feuerwehrakademie, der Stadtverwaltung von Vilnius und des Roten Kreuzes. Das Projektkonsortium hatte die M\u00f6glichkeit, den litauischen Vertretern Fragen zu stellen und mit ihnen \u00fcber ihre Erfahrungen in diesem Bereich zu diskutieren. Es wurden sehr wertvolle Informationen weitergegeben, die uns bei der Gestaltung des Projektentwurfs helfen. Die n\u00e4chsten Schritte werden Fokusgruppeninterviews mit verschiedenen Gruppen von Menschen mit Behinderungen und Experteninterviews mit Vertretern von Zivilschutzorganisationen sein.<\/p>\n<\/div><\/div>\n<\/div>\n<\/div>\n\n\n\n<div class=\"wp-block-group alignfull is-style-ext-preset--group--natural-1--section has-background-background-color has-background has-global-padding is-layout-constrained wp-container-core-group-is-layout-e955bbaf wp-block-group-is-layout-constrained\" id=\"blog\" style=\"margin-top:0;margin-bottom:0;padding-top:var(--wp--preset--spacing--70);padding-bottom:var(--wp--preset--spacing--70)\">\n<div class=\"wp-block-group alignfull is-style-ext-preset--group--natural-1--section has-background-background-color has-background has-global-padding is-layout-constrained wp-container-core-group-is-layout-e955bbaf wp-block-group-is-layout-constrained\" style=\"margin-top:0;margin-bottom:0;padding-top:var(--wp--preset--spacing--70);padding-bottom:var(--wp--preset--spacing--70)\">\n<div class=\"wp-block-group alignwide is-vertical is-content-justification-center is-layout-flex wp-container-core-group-is-layout-c9ee0c5a wp-block-group-is-layout-flex\">\n<div class=\"wp-block-group has-global-padding is-layout-constrained wp-container-core-group-is-layout-5e05634a wp-block-group-is-layout-constrained\">\n<h2 class=\"wp-block-heading has-text-align-center\">Ergebnisse<\/h2>\n<\/div>\n<\/div>\n\n\n\n<div class=\"wp-block-columns alignwide is-layout-flex wp-container-core-columns-is-layout-08c01c1c wp-block-columns-is-layout-flex\">\n<div class=\"wp-block-column is-vertically-aligned-stretch is-layout-flow wp-container-core-column-is-layout-f5bb311e wp-block-column-is-layout-flow\">\n<div class=\"wp-block-group is-style-ext-preset--group--natural-1--item-card-1--align-center has-global-padding is-layout-constrained wp-block-group-is-layout-constrained is-style-ext-preset--group--natural-1--item-card-1--align-center--6\">\n<div class=\"wp-block-group is-style-default has-global-padding is-layout-constrained wp-block-group-is-layout-constrained\">\n<figure class=\"wp-block-image aligncenter size-large ext-aspect-landscape wp-duotone-primary-foreground\"><img decoding=\"async\" src=\"data:image\/svg+xml;base64,PHN2ZyB4bWxucz0iaHR0cDovL3d3dy53My5vcmcvMjAwMC9zdmciIHdpZHRoPSI0OCIgaGVpZ2h0PSI0OCIgZmlsbD0iIzAwMDAwMCIgdmlld0JveD0iMCAwIDI1NiAyNTYiPjxwYXRoIGQ9Ik0xMjgsMjRBMTA0LDEwNCwwLDEsMCwyMzIsMTI4LDEwNC4xMSwxMDQuMTEsMCwwLDAsMTI4LDI0Wm0wLDE5MmE4OCw4OCwwLDEsMSw4OC04OEE4OC4xLDg4LjEsMCwwLDEsMTI4LDIxNlpNMTQwLDgwdjk2YTgsOCwwLDAsMS0xNiwwVjk1bC0xMS41Niw3LjcxYTgsOCwwLDEsMS04Ljg4LTEzLjMybDI0LTE2QTgsOCwwLDAsMSwxNDAsODBaIj48L3BhdGg+PC9zdmc+\" alt=\"\" style=\"object-fit:cover\"\/><\/figure>\n\n\n\n<h3 class=\"wp-block-heading has-text-align-center\">Ausbildungsmodul f\u00fcr Katastrophenschutzeinheiten<\/h3>\n\n\n\n<p class=\"has-text-align-center\">Eine Bedarfsanalyse \u00fcber L\u00fccken im integrativen Katastrophenschutz und Expertenbefragungen f\u00fchrten zur Entwicklung von Schulungsmodulen f\u00fcr den Katastrophenschutz, um das Bewusstsein f\u00fcr die Bed\u00fcrfnisse von Menschen mit Behinderungen zu sch\u00e4rfen.<\/p>\n<\/div>\n<\/div>\n<\/div>\n\n\n\n<div class=\"wp-block-column is-vertically-aligned-stretch is-layout-flow wp-container-core-column-is-layout-f5bb311e wp-block-column-is-layout-flow\">\n<div class=\"wp-block-group is-style-ext-preset--group--natural-1--item-card-1--align-center has-global-padding is-layout-constrained wp-block-group-is-layout-constrained is-style-ext-preset--group--natural-1--item-card-1--align-center--7\">\n<div class=\"wp-block-group is-style-default has-global-padding is-layout-constrained wp-block-group-is-layout-constrained\">\n<figure class=\"wp-block-image aligncenter size-large ext-aspect-landscape wp-duotone-primary-foreground\"><img decoding=\"async\" src=\"data:image\/svg+xml;base64,PHN2ZyB4bWxucz0iaHR0cDovL3d3dy53My5vcmcvMjAwMC9zdmciIHdpZHRoPSI0OCIgaGVpZ2h0PSI0OCIgZmlsbD0iIzAwMDAwMCIgdmlld0JveD0iMCAwIDI1NiAyNTYiPjxwYXRoIGQ9Ik0xMjgsMjRBMTA0LDEwNCwwLDEsMCwyMzIsMTI4LDEwNC4xMSwxMDQuMTEsMCwwLDAsMTI4LDI0Wm0wLDE5MmE4OCw4OCwwLDEsMSw4OC04OEE4OC4xLDg4LjEsMCwwLDEsMTI4LDIxNlptMjUuNTYtOTIuNzRMMTIwLDE2OGgzMmE4LDgsMCwwLDEsMCwxNkgxMDRhOCw4LDAsMCwxLTYuNC0xMi44bDQzLjE3LTU3LjU2YTE2LDE2LDAsMSwwLTI3Ljg2LTE1LDgsOCwwLDAsMS0xNS4wOS01LjM0LDMyLDMyLDAsMSwxLDU1Ljc0LDI5LjkzWiI+PC9wYXRoPjwvc3ZnPg==\" alt=\"\" style=\"object-fit:cover\"\/><\/figure>\n\n\n\n<h3 class=\"wp-block-heading has-text-align-center\">Erste-Hilfe-Kurs f\u00fcr Menschen mit Behinderung<\/h3>\n\n\n\n<p class=\"has-text-align-center\">Bedarfsanalyse und Fokusgruppensitzungen geben Aufschluss \u00fcber die notwendige Anpassung des Erste-Hilfe-Kurses, der auch Inhalte zur Katastrophenvorsorge f\u00fcr Menschen mit Behinderung enth\u00e4lt.<\/p>\n<\/div>\n<\/div>\n<\/div>\n\n\n\n<div class=\"wp-block-column is-vertically-aligned-stretch is-layout-flow wp-container-core-column-is-layout-f5bb311e wp-block-column-is-layout-flow\">\n<div class=\"wp-block-group is-style-ext-preset--group--natural-1--item-card-1--align-center has-global-padding is-layout-constrained wp-block-group-is-layout-constrained is-style-ext-preset--group--natural-1--item-card-1--align-center--8\">\n<div class=\"wp-block-group is-style-default has-global-padding is-layout-constrained wp-block-group-is-layout-constrained\">\n<figure class=\"wp-block-image aligncenter size-large ext-aspect-landscape wp-duotone-primary-foreground\"><img decoding=\"async\" src=\"data:image\/svg+xml;base64,PHN2ZyB4bWxucz0iaHR0cDovL3d3dy53My5vcmcvMjAwMC9zdmciIHdpZHRoPSI0OCIgaGVpZ2h0PSI0OCIgZmlsbD0iIzAwMDAwMCIgdmlld0JveD0iMCAwIDI1NiAyNTYiPjxwYXRoIGQ9Ik0xMjgsMjRBMTA0LDEwNCwwLDEsMCwyMzIsMTI4LDEwNC4xMSwxMDQuMTEsMCwwLDAsMTI4LDI0Wm0wLDE5MmE4OCw4OCwwLDEsMSw4OC04OEE4OC4xLDg4LjEsMCwwLDEsMTI4LDIxNlptMzItNjRhMzYsMzYsMCwwLDEtNjEuNzEsMjUuMTlBOCw4LDAsMSwxLDEwOS43MSwxNjYsMjAsMjAsMCwxLDAsMTI0LDEzMmE4LDgsMCwwLDEtNi41NS0xMi41OUwxMzYuNjMsOTJIMTA0YTgsOCwwLDAsMSwwLTE2aDQ4YTgsOCwwLDAsMSw2LjU1LDEyLjU5bC0yMSwzMEEzNi4wNywzNi4wNywwLDAsMSwxNjAsMTUyWiI+PC9wYXRoPjwvc3ZnPg==\" alt=\"\" style=\"object-fit:cover\"\/><\/figure>\n\n\n\n<h3 class=\"wp-block-heading has-text-align-center\">Handbuch zum inklusiven Katastrophenschutz<\/h3>\n\n\n\n<p class=\"has-text-align-center\">Gemeinsame Schulung zur Validierung der beiden Lehrpl\u00e4ne und Kursmaterialien. .<\/p>\n<\/div>\n<\/div>\n<\/div>\n<\/div>\n\n\n\n<p class=\"has-text-align-center\">Nach Verf\u00fcgbarkeit k\u00f6nnen die Ergebnisse unten heruntergeladen werden.<\/p>\n<\/div>\n\n\n\n<div class=\"wp-block-group alignfull is-style-ext-preset--group--natural-1--section has-tertiary-background-color has-background has-global-padding is-layout-constrained wp-block-group-is-layout-constrained\" id=\"ueber-uns\" style=\"margin-top:0;margin-bottom:0;padding-top:var(--wp--preset--spacing--70);padding-bottom:var(--wp--preset--spacing--70)\">\n<h2 class=\"wp-block-heading\">Projektpartner<\/h2>\n\n\n\n<div class=\"wp-block-group is-nowrap is-layout-flex wp-container-core-group-is-layout-6c531013 wp-block-group-is-layout-flex\">\n<div class=\"wp-block-media-text is-stacked-on-mobile\"><figure class=\"wp-block-media-text__media\"><img loading=\"lazy\" decoding=\"async\" width=\"1024\" height=\"414\" src=\"https:\/\/project-shield.net\/wp-content\/uploads\/2026\/02\/Logo_freigestellt-1-1024x414.png\" alt=\"\" class=\"wp-image-74 size-full\" srcset=\"https:\/\/project-shield.net\/wp-content\/uploads\/2026\/02\/Logo_freigestellt-1-1024x414.png 1024w, https:\/\/project-shield.net\/wp-content\/uploads\/2026\/02\/Logo_freigestellt-1-300x121.png 300w, https:\/\/project-shield.net\/wp-content\/uploads\/2026\/02\/Logo_freigestellt-1-768x310.png 768w, https:\/\/project-shield.net\/wp-content\/uploads\/2026\/02\/Logo_freigestellt-1-1536x621.png 1536w, https:\/\/project-shield.net\/wp-content\/uploads\/2026\/02\/Logo_freigestellt-1-2048x828.png 2048w, https:\/\/project-shield.net\/wp-content\/uploads\/2026\/02\/Logo_freigestellt-1-18x7.png 18w\" sizes=\"auto, (max-width: 1024px) 100vw, 1024px\" \/><\/figure><div class=\"wp-block-media-text__content\">\n<p><a href=\"https:\/\/www.johanniter.de\/bildungseinrichtungen\/johanniter-akademie\/johanniter-akademie-mitteldeutschland\/\" target=\"_blank\" rel=\"noopener\" title=\"\">Johanniter-Akademie Mitteldeutschland<\/a>, Koordinatorin<\/p>\n\n\n\n<p>Jana Goldberg<\/p>\n\n\n\n<p>Sebastian Kupke<\/p>\n<\/div><\/div>\n<\/div>\n\n\n\n<div class=\"wp-block-group is-nowrap is-layout-flex wp-container-core-group-is-layout-6c531013 wp-block-group-is-layout-flex\">\n<div class=\"wp-block-media-text is-stacked-on-mobile\"><figure class=\"wp-block-media-text__media\"><img loading=\"lazy\" decoding=\"async\" width=\"500\" height=\"113\" src=\"https:\/\/project-shield.net\/wp-content\/uploads\/2026\/02\/image-1.png\" alt=\"\" class=\"wp-image-75 size-full\" srcset=\"https:\/\/project-shield.net\/wp-content\/uploads\/2026\/02\/image-1.png 500w, https:\/\/project-shield.net\/wp-content\/uploads\/2026\/02\/image-1-300x68.png 300w, https:\/\/project-shield.net\/wp-content\/uploads\/2026\/02\/image-1-18x4.png 18w\" sizes=\"auto, (max-width: 500px) 100vw, 500px\" \/><\/figure><div class=\"wp-block-media-text__content\">\n<p>J<a href=\"https:\/\/www.johanniter.at\/\" target=\"_blank\" rel=\"noopener\" title=\"\">ohanniter \u00d6sterreich Ausbildung und Forschung gemeinn\u00fctzige GmbH<\/a><\/p>\n\n\n\n<p>Nadine Sturm<\/p>\n\n\n\n<p>Sabine Kretschy<\/p>\n<\/div><\/div>\n<\/div>\n\n\n\n<div class=\"wp-block-group is-nowrap is-layout-flex wp-container-core-group-is-layout-6c531013 wp-block-group-is-layout-flex\">\n<div class=\"wp-block-media-text is-stacked-on-mobile\"><figure class=\"wp-block-media-text__media\"><img loading=\"lazy\" decoding=\"async\" width=\"458\" height=\"171\" src=\"https:\/\/project-shield.net\/wp-content\/uploads\/2026\/02\/image-2.png\" alt=\"\" class=\"wp-image-76 size-full\" srcset=\"https:\/\/project-shield.net\/wp-content\/uploads\/2026\/02\/image-2.png 458w, https:\/\/project-shield.net\/wp-content\/uploads\/2026\/02\/image-2-300x112.png 300w, https:\/\/project-shield.net\/wp-content\/uploads\/2026\/02\/image-2-18x7.png 18w\" sizes=\"auto, (max-width: 458px) 100vw, 458px\" \/><\/figure><div class=\"wp-block-media-text__content\">\n<p><a href=\"https:\/\/as-sr.sk\/\" target=\"_blank\" rel=\"noopener\" title=\"\">Asoci\u00e1cia samarit\u00e1nov Slovenskej republiky<\/a><\/p>\n\n\n\n<p>Jakub Li\u0161\u010dinsk\u00fd<\/p>\n\n\n\n<p>Peter Kim\u00e1k-Fejko<\/p>\n\n\n\n<p>Mari\u00e1n Lopuch<\/p>\n\n\n\n<p><\/p>\n<\/div><\/div>\n<\/div>\n\n\n\n<div class=\"wp-block-group is-nowrap is-layout-flex wp-container-core-group-is-layout-6c531013 wp-block-group-is-layout-flex\">\n<div class=\"wp-block-media-text is-stacked-on-mobile\"><figure class=\"wp-block-media-text__media\"><img loading=\"lazy\" decoding=\"async\" width=\"584\" height=\"403\" src=\"https:\/\/project-shield.net\/wp-content\/uploads\/2026\/02\/Diakonie-am-Thonberg_Logo-Screenshot.png\" alt=\"\" class=\"wp-image-72 size-full\" srcset=\"https:\/\/project-shield.net\/wp-content\/uploads\/2026\/02\/Diakonie-am-Thonberg_Logo-Screenshot.png 584w, https:\/\/project-shield.net\/wp-content\/uploads\/2026\/02\/Diakonie-am-Thonberg_Logo-Screenshot-300x207.png 300w, https:\/\/project-shield.net\/wp-content\/uploads\/2026\/02\/Diakonie-am-Thonberg_Logo-Screenshot-18x12.png 18w\" sizes=\"auto, (max-width: 584px) 100vw, 584px\" \/><\/figure><div class=\"wp-block-media-text__content\">\n<p><a href=\"https:\/\/www.dat-leipzig.de\/\" target=\"_blank\" rel=\"noopener\" title=\"\">Diakonie am Thonberg<\/a><\/p>\n\n\n\n<p>Cornelius Neumann<\/p>\n\n\n\n<p>Ren\u00e9 Winkler<\/p>\n<\/div><\/div>\n<\/div>\n\n\n\n<div class=\"wp-block-group is-nowrap is-layout-flex wp-container-core-group-is-layout-6c531013 wp-block-group-is-layout-flex\">\n<div class=\"wp-block-media-text is-stacked-on-mobile\"><figure class=\"wp-block-media-text__media\"><img loading=\"lazy\" decoding=\"async\" width=\"1024\" height=\"289\" src=\"https:\/\/project-shield.net\/wp-content\/uploads\/2026\/02\/image.png\" alt=\"\" class=\"wp-image-77 size-full\" srcset=\"https:\/\/project-shield.net\/wp-content\/uploads\/2026\/02\/image.png 1024w, https:\/\/project-shield.net\/wp-content\/uploads\/2026\/02\/image-300x85.png 300w, https:\/\/project-shield.net\/wp-content\/uploads\/2026\/02\/image-768x217.png 768w, https:\/\/project-shield.net\/wp-content\/uploads\/2026\/02\/image-18x5.png 18w\" sizes=\"auto, (max-width: 1024px) 100vw, 1024px\" \/><\/figure><div class=\"wp-block-media-text__content\">\n<p><a href=\"https:\/\/johanniter.org\/\">Johanniter International<\/a><\/p>\n\n\n\n<p>Joachim Berney<\/p>\n\n\n\n<p>Eva Pelgen<\/p>\n<\/div><\/div>\n<\/div>\n<\/div>\n<\/div>","protected":false},"excerpt":{"rendered":"<p>SHIELD &#8211; Safety and Health: Inclusion to Emergency Training and First Aid for Persons with Disabilities News &#8211; Blog Kick-off Meeting in Vilnius The Kick-off Meeting took place from 27.-29.01.2026 in Vilnius, Lithuania. LNF &#8211; the Lithuanian Disability Forum hosted the partnership and kindly shared their experiences in mainstreaming an awareness for the needs of [&hellip;]<\/p>\n","protected":false},"author":1,"featured_media":70,"parent":0,"menu_order":1,"comment_status":"closed","ping_status":"closed","template":"no-title-sticky-header","meta":{"footnotes":""},"class_list":["post-24","page","type-page","status-publish","has-post-thumbnail","hentry"],"aioseo_notices":[],"_links":{"self":[{"href":"https:\/\/project-shield.net\/de_de\/wp-json\/wp\/v2\/pages\/24","targetHints":{"allow":["GET"]}}],"collection":[{"href":"https:\/\/project-shield.net\/de_de\/wp-json\/wp\/v2\/pages"}],"about":[{"href":"https:\/\/project-shield.net\/de_de\/wp-json\/wp\/v2\/types\/page"}],"author":[{"embeddable":true,"href":"https:\/\/project-shield.net\/de_de\/wp-json\/wp\/v2\/users\/1"}],"replies":[{"embeddable":true,"href":"https:\/\/project-shield.net\/de_de\/wp-json\/wp\/v2\/comments?post=24"}],"version-history":[{"count":4,"href":"https:\/\/project-shield.net\/de_de\/wp-json\/wp\/v2\/pages\/24\/revisions"}],"predecessor-version":[{"id":97,"href":"https:\/\/project-shield.net\/de_de\/wp-json\/wp\/v2\/pages\/24\/revisions\/97"}],"wp:featuredmedia":[{"embeddable":true,"href":"https:\/\/project-shield.net\/de_de\/wp-json\/wp\/v2\/media\/70"}],"wp:attachment":[{"href":"https:\/\/project-shield.net\/de_de\/wp-json\/wp\/v2\/media?parent=24"}],"curies":[{"name":"wp","href":"https:\/\/api.w.org\/{rel}","templated":true}]}}